{"id":5086,"date":"2022-01-28T11:59:46","date_gmt":"2022-01-28T10:59:46","guid":{"rendered":"https:\/\/indus1978.com\/non%20class\u00e9\/etagere-console-dessus-de-radiateur-en-bois-pas-besoin-de-percer-le-mur-console-fixation-radiateur\/"},"modified":"2026-04-04T21:26:47","modified_gmt":"2026-04-04T19:26:47","slug":"tablette-radiateur-sans-percage-bois","status":"publish","type":"product","link":"https:\/\/indus1978.com\/de\/tablette-radiateur-sans-percage-bois\/","title":{"rendered":"Heizk\u00f6rperablage ohne Bohren nach Ma\u00df (Tiefe 11\u201319 cm)"},"content":{"rendered":"<p data-start=\"604\" data-end=\"711\"><strong data-start=\"604\" data-end=\"711\">Diese Heizk\u00f6rperablage ohne Bohren verwandelt Ihren Heizk\u00f6rper in eine praktische Ablagefl\u00e4che \u2013 ganz ohne Ihre W\u00e4nde zu besch\u00e4digen.<\/strong><\/p>\n<p data-start=\"713\" data-end=\"825\" class=\"translation-block\">F\u00fcgen Sie ganz einfach eine praktische und \u00e4sthetische Ablage \u00fcber Ihrem Heizk\u00f6rper hinzu \u2013 ohne Arbeiten und ohne Bohren.<\/p>\n<hr data-start=\"827\" data-end=\"830\" \/>\n<p data-start=\"832\" data-end=\"952\" class=\"translation-block\">F\u00fcr eine einfache Ablage ein Loch in die Wand zu bohren, ist selten ideal.\nEs besch\u00e4digt die W\u00e4nde, erfordert Werkzeug und kostet Zeit.<\/p>\n<p data-start=\"954\" data-end=\"1001\" class=\"translation-block\">\ud83d\udc49 Ergebnis: Dieser Platz bleibt ungenutzt.<\/p>\n<hr data-start=\"1003\" data-end=\"1006\" \/>\n<p data-start=\"1008\" data-end=\"1089\">Mit dieser L\u00f6sung nutzen Sie den vorhandenen Platz ganz einfach \u2013 ohne Einschr\u00e4nkungen.<\/p>\n<hr data-start=\"1091\" data-end=\"1094\" \/>\n<p data-start=\"1096\" data-end=\"1197\"><strong data-start=\"1096\" data-end=\"1197\">Cette tablette radiateur sans per\u00e7age est con\u00e7ue pour \u00eatre stable, durable et simple \u00e0 installer.<\/strong><\/p>\n<p data-start=\"1199\" data-end=\"1288\" class=\"translation-block\">Sie ben\u00f6tigt keine Bohrl\u00f6cher in der Wand und bleibt im Alltag zuverl\u00e4ssig an Ort und Stelle.<\/p>\n<p data-start=\"1290\" data-end=\"1363\" class=\"translation-block\">\ud83d\udc49 Schnelle Montage in wenigen Minuten \u2013 mit einem einfachen Schraubendreher.<\/p>\n<hr data-start=\"1365\" data-end=\"1368\" \/>\n<h2 data-section-id=\"14bu86z\" data-start=\"1370\" data-end=\"1386\">Kompatibilit\u00e4t<\/h2>\n<p data-start=\"1388\" data-end=\"1505\" class=\"translation-block\">Flache Stahlheizk\u00f6rper (Paneelheizk\u00f6rper, modern)\nAbstand zwischen Wand und Heizk\u00f6rper: zwischen 2,5 cm und 5 cm<\/p>\n<p data-start=\"1507\" data-end=\"1653\" class=\"translation-block\">Nicht kompatibel:\nHeizk\u00f6rper direkt an der Wand\nHeizk\u00f6rper mit zu gro\u00dfem Abstand zur Wand\nAlte Gusseisenheizk\u00f6rper\nElektrische Heizk\u00f6rper mit glatter Front<\/p>\n<p data-start=\"1655\" data-end=\"1801\" class=\"translation-block\">\ud83d\udc49 Zur \u00dcberpr\u00fcfung: Schieben Sie ein Lineal zwischen Wand und Heizk\u00f6rper.\nLiegt der Abstand zwischen 2,5 cm und 5 cm, ist die Ablage kompatibel.<\/p>\n<p data-start=\"1803\" data-end=\"1861\">\ud83d\udce9 Im Zweifelsfall senden Sie uns vor der Bestellung ein Foto.<\/p>\n<hr data-start=\"1863\" data-end=\"1866\" \/>\n<h2 data-section-id=\"jb2vno\" data-start=\"1868\" data-end=\"1885\">Funktionsweise<\/h2>\n<p data-start=\"1887\" data-end=\"2005\">Die Halterungen werden zwischen Wand und Heizk\u00f6rper eingesetzt.\nDie Ablage wird von unten mit dem mitgelieferten Befestigungsmaterial verschraubt.<br data-start=\"1940\" data-end=\"1943\" \/>La tablette se fixe par le dessous avec la visserie fournie.<\/p>\n<p data-start=\"2007\" data-end=\"2041\" class=\"translation-block\">\ud83d\udc49 Ein einfacher Schraubendreher gen\u00fcgt.<\/p>\n<p data-start=\"2043\" data-end=\"2106\" class=\"translation-block\">\ud83d\udc49 Die Ablage bleibt stabil \u2013 auch bei h\u00e4ufiger Nutzung.<\/p>\n<hr data-start=\"2108\" data-end=\"2111\" \/>\n<h2 data-section-id=\"kynf6u\" data-start=\"2113\" data-end=\"2146\">Ma\u00dfe und Personalisierung<\/h2>\n<p data-start=\"2148\" data-end=\"2199\">W\u00e4hlbare Tiefe \u2013 passt sich Ihrem Raum optimal an:<\/p>\n<p data-start=\"2201\" data-end=\"2298\" class=\"translation-block\">11 bis 13 cm: Schlanke Durchgangsbreite\n14 bis 16 cm: Ideales Gleichgewicht\n17 bis 19,5 cm: Komfortable Ablagefl\u00e4che<\/p>\n<p data-start=\"2300\" data-end=\"2347\" class=\"translation-block\">\ud83d\udc49 Jede Ablage wird individuell nach Ma\u00df gefertigt.<\/p>\n<hr data-start=\"2349\" data-end=\"2352\" \/>\n<h2 data-section-id=\"19pmmvv\" data-start=\"2354\" data-end=\"2364\">Das Holz<\/h2>\n<p data-start=\"2366\" data-end=\"2430\">Recyceltes Ger\u00fcstholz, sorgf\u00e4ltig ausgew\u00e4hlt und in unserer Werkstatt verarbeitet.<\/p>\n<p data-start=\"2432\" data-end=\"2495\">Jedes Brett wird gereinigt und geschliffen, um eine angenehme Haptik zu gew\u00e4hrleisten.<\/p>\n<p data-start=\"2497\" data-end=\"2592\" class=\"translation-block\">Das Holz beh\u00e4lt sein nat\u00fcrliches Erscheinungsbild:\n\u00c4ste, Maserung, leichte Risse und Farbvariationen.<\/p>\n<p data-start=\"2594\" data-end=\"2654\" class=\"translation-block\">\ud83d\udc49 Diese Merkmale verleihen dem Holz seinen Charakter und seine Authentizit\u00e4t.<\/p>\n<p data-start=\"2656\" data-end=\"2687\" class=\"translation-block\">\ud83d\udc49 Jedes St\u00fcck ist ein Unikat.<\/p>\n<hr data-start=\"2689\" data-end=\"2692\" \/>\n<h2 data-section-id=\"1mx397m\" data-start=\"2694\" data-end=\"2706\">Oberfl\u00e4chen<\/h2>\n<p data-start=\"2708\" data-end=\"2860\" class=\"translation-block\">Roh: Nat\u00fcrliche Holzoptik, unbehandelt\nFarbloses Wachs: Dezenter Schutz, heller Look\nWachs \u201eAltholz-Optik\u201c: Warme Farbgebung, ausdrucksst\u00e4rker Stil<\/p>\n<hr data-start=\"2862\" data-end=\"2865\" \/>\n<h2 data-section-id=\"1pyo6fb\" data-start=\"2867\" data-end=\"2924\">Warum diese Heizk\u00f6rperablage ohne Bohren w\u00e4hlen?<\/h2>\n<p data-start=\"2926\" data-end=\"3111\" class=\"translation-block\">Montage ohne Bohren in die Wand\nStabilit\u00e4t durch sichere Befestigung\nHandgefertigte Herstellung\nRecyceltes Massivholz\nMa\u00dfanfertigung passend zu Ihrem Raum\nSchneller Versand aus Frankreich<\/p>\n<hr data-start=\"3113\" data-end=\"3116\" \/>\n<h2 data-section-id=\"x4c4na\" data-start=\"3118\" data-end=\"3132\">Verwendung<\/h2>\n<p data-start=\"3134\" data-end=\"3270\" class=\"translation-block\">Eingang: Schl\u00fcssel, Post\nWohnzimmer: Dekoration, B\u00fccher\nK\u00fcche: Alltagsgegenst\u00e4nde\nSchlafzimmer: Accessoires\nFlur: Platzsparende L\u00f6sung<\/p>\n<hr data-start=\"3272\" data-end=\"3275\" \/>\n<h2 data-section-id=\"k03sbz\" data-start=\"3277\" data-end=\"3304\">Herstellung und Lieferung<\/h2>\n<p data-start=\"3306\" data-end=\"3401\" class=\"translation-block\">Fertigung auf Bestellung\nHalterungen und Befestigungsmaterial inklusive\nSorgf\u00e4ltige Verpackung\nSchneller Versand<\/p>\n<p data-start=\"1435\" data-end=\"1488\">","protected":false},"excerpt":{"rendered":"<p data-start=\"618\" data-end=\"721\"><strong data-start=\"618\" data-end=\"721\">Heizk\u00f6rperablage ohne Bohren aus recyceltem Bauholz \u2013 stabil, langlebig und individuell gefertigt (11\u201319,5 cm).<\/strong><\/p>\n<p data-start=\"723\" data-end=\"806\" class=\"translation-block\">\u2714 Kein Bohren in die Wand\n\u2714 Stabil im Alltag\n\u2714 Montage in 5 Minuten<\/p>\n<p data-start=\"808\" data-end=\"895\" class=\"translation-block\">\ud83d\udc49Entwickelt, um sich perfekt an Ihren Raum anzupassen \u2013 ohne Kompromisse bei der Stabilit\u00e4t.<\/p>\n<p data-start=\"897\" data-end=\"951\">Ideale L\u00f6sung, um Ihren Raum ohne Renovierungsarbeiten optimal zu nutzen.<\/p>\n<p data-start=\"953\" data-end=\"1064\" class=\"translation-block\">\ud83d\udc49 Maximale Tiefe: 19,5 cm\n\ud83d\udc49 Ma\u00dfanfertigung \u2013 bitte \u00fcberpr\u00fcfen Sie Ihre Ma\u00dfe vor der Bestellung<\/p>","protected":false},"featured_media":10511,"comment_status":"open","ping_status":"closed","template":"","meta":{"_acf_changed":false},"product_brand":[],"product_cat":[1052],"product_tag":[1243,1241,1239,1242,1240],"class_list":{"0":"post-5086","1":"product","2":"type-product","3":"status-publish","4":"has-post-thumbnail","6":"product_cat-etagere-radiateur-sans-percage","7":"product_tag-console-radiateur-sur-mesure","8":"product_tag-etagere-radiateur-faible-profondeur","9":"product_tag-etagere-radiateur-sans-trou-mur","10":"product_tag-tablette-radiateur-couloir-etroit","11":"product_tag-tablette-radiateur-stable","13":"first","14":"instock","15":"purchasable","16":"product-type-variable","17":"has-default-attributes"},"acf":[],"_links":{"self":[{"href":"https:\/\/indus1978.com\/de\/wp-json\/wp\/v2\/product\/5086","targetHints":{"allow":["GET"]}}],"collection":[{"href":"https:\/\/indus1978.com\/de\/wp-json\/wp\/v2\/product"}],"about":[{"href":"https:\/\/indus1978.com\/de\/wp-json\/wp\/v2\/types\/product"}],"replies":[{"embeddable":true,"href":"https:\/\/indus1978.com\/de\/wp-json\/wp\/v2\/comments?post=5086"}],"wp:featuredmedia":[{"embeddable":true,"href":"https:\/\/indus1978.com\/de\/wp-json\/wp\/v2\/media\/10511"}],"wp:attachment":[{"href":"https:\/\/indus1978.com\/de\/wp-json\/wp\/v2\/media?parent=5086"}],"wp:term":[{"taxonomy":"product_brand","embeddable":true,"href":"https:\/\/indus1978.com\/de\/wp-json\/wp\/v2\/product_brand?post=5086"},{"taxonomy":"product_cat","embeddable":true,"href":"https:\/\/indus1978.com\/de\/wp-json\/wp\/v2\/product_cat?post=5086"},{"taxonomy":"product_tag","embeddable":true,"href":"https:\/\/indus1978.com\/de\/wp-json\/wp\/v2\/product_tag?post=5086"}],"curies":[{"name":"wp","href":"https:\/\/api.w.org\/{rel}","templated":true}]}}