{"id":507,"date":"2017-01-10T22:27:32","date_gmt":"2017-01-10T22:27:32","guid":{"rendered":"http:\/\/import.getbowtied.com\/shopkeeper-replica?page_id=507"},"modified":"2021-12-30T10:22:09","modified_gmt":"2021-12-30T09:22:09","slug":"a-propos","status":"publish","type":"page","link":"https:\/\/indus1978.com\/de\/a-propos\/","title":{"rendered":"A Propos"},"content":{"rendered":"<div class=\"wpb-content-wrapper\"><div class=\"vc_row wpb_row vc_row-fluid vc_custom_1633100280169\"><div class=\"wpb_column vc_column_container vc_col-sm-6\"><div class=\"vc_column-inner\"><div class=\"wpb_wrapper\">\n\t<div  class=\"wpb_single_image wpb_content_element vc_align_left wpb_content_element\">\n\t\t\n\t\t<figure class=\"wpb_wrapper vc_figure\">\n\t\t\t<div class=\"vc_single_image-wrapper   vc_box_border_grey\"><img loading=\"lazy\" decoding=\"async\" width=\"582\" height=\"395\" src=\"https:\/\/indus1978.com\/wp-content\/uploads\/2021\/12\/unknown-1.jpg\" class=\"vc_single_image-img attachment-full\" alt=\"\" title=\"unknown (1)\" srcset=\"https:\/\/indus1978.com\/wp-content\/uploads\/2021\/12\/unknown-1.jpg 582w, https:\/\/indus1978.com\/wp-content\/uploads\/2021\/12\/unknown-1-300x204.jpg 300w\" sizes=\"auto, (max-width: 582px) 100vw, 582px\"><\/div>\n\t\t<\/figure>\n\t<\/div>\n<\/div><\/div><\/div><div class=\"wpb_column vc_column_container vc_col-sm-6\"><div class=\"vc_column-inner\"><div class=\"wpb_wrapper\">\n\t<div class=\"wpb_text_column wpb_content_element vc_custom_1640785544552\" >\n\t\t<div class=\"wpb_wrapper\">\n\t\t\t<h2>Indus 1978<\/h2>\n\n\t\t<\/div>\n\t<\/div>\n<div class=\"vc_separator wpb_content_element vc_separator_align_center vc_sep_width_100 vc_sep_pos_align_center vc_separator_no_text vc_sep_color_black vc_custom_1633100239087 wpb_content_element  vc_custom_1633100239087 wpb_content_element\" ><span class=\"vc_sep_holder vc_sep_holder_l\"><span class=\"vc_sep_line\"><\/span><\/span><span class=\"vc_sep_holder vc_sep_holder_r\"><span class=\"vc_sep_line\"><\/span><\/span>\n<\/div>\n\t<div class=\"wpb_text_column wpb_content_element\" >\n\t\t<div class=\"wpb_wrapper\">\n\t\t\t<div class=\"answer__Wrapper-sc-1k75oj5-1 iRgRIs\">\n<div class=\"Split-sc-__sc-1gxi95l-0 answer__BlockSplit-sc-1k75oj5-4 kOFSe\">\n<div class=\"SplitItem-sc-__sc-1u5zm74-0 eFFLv\">\n<div id=\"about-story\" class=\"wt-content-toggle__body wt-content-toggle__body--truncated-03 wt-content-toggle__body--truncated\" aria-hidden=\"false\">\n<p class=\"about-story text-body-larger text-gray-lighter prose\"><span class=\"mt-xs-1\" data-inplace-editable-text=\"story\" data-endpoint=\"AboutPost\" data-key=\"story\" data-placeholder=\"Comment avez-vous d\u00e9marr\u00e9\u00a0? Qu'est-ce qui vous inspire\u00a0? Nous savons que chaque vendeur a une histoire unique\u00a0- racontez la v\u00f4tre ici.\">Avant mes 40 ans, j&#8217;ai compl\u00e8tement chang\u00e9 de voie professionnelle afin de me consacrer \u00e0 ce qui occupait d\u00e9j\u00e0 une tr\u00e8s grande partie de ma vie, le travail du bois&#8230;<\/span><\/p>\n<p>Mes journ\u00e9es dans mon atelier de menuiserie entour\u00e9 de mes deux chiens me permettent de concilier mon m\u00e9tier d&#8217;agenceur et la cr\u00e9ation d&#8217;objets que vous retrouvez au sein de ma boutique en ligne&#8230;<\/p>\n<p>Passionn\u00e9 par le bois, j&#8217;aime l&#8217;id\u00e9e que ces bois b\u00e9n\u00e9ficient d&#8217;une nouvelle vie en vous offrant du mobilier design et \u00e9cologique gr\u00e2ce aux composants naturels utilis\u00e9s. Mon objectif est de vous proposer des cr\u00e9ations faites main, authentiques.<\/p>\n<\/div>\n<\/div>\n<\/div>\n<\/div>\n\n\t\t<\/div>\n\t<\/div>\n<\/div><\/div><\/div><\/div><div class=\"vc_row wpb_row vc_row-fluid vc_custom_1633100273622\"><div class=\"wpb_column vc_column_container vc_col-sm-12\"><div class=\"vc_column-inner\"><div class=\"wpb_wrapper\">\n\t        <ul class=\"sk_social_icons_list center\">\n\n\t\t\t\t\n\t\t\t\t\t\t\t\t<li class=\"sk_social_icon default_icon\">\n\t\t\t\t\t\t\t\t\t<a class=\"sk_social_icon_link\" target=\"_blank\" href=\"https:\/\/www.facebook.com\/indus1978\/\" alt=\"\" title=\"\" rel=\"nofollow noopener\">\n\t\t\t\t\t\t\t\t\t\t<svg\n\t\t\t\t\t\t\t\t\t\t\tclass=\"\"\n\t\t\t\t\t\t\t\t\t\t\txmlns=\"http:\/\/www.w3.org\/2000\/svg\" x=\"0px\" y=\"0px\"\n\t\t\t\t\t\t\t\t\t\t\twidth=\"24\" height=\"24\"\n\t\t\t\t\t\t\t\t\t\t\tviewbox=\"0 0 50 50\"\n\t\t\t\t\t\t\t\t\t\t\t>\n\t\t\t\t\t\t\t\t\t\t\t<path d=\"M32,11h5c0.552,0,1-0.448,1-1V3.263c0-0.524-0.403-0.96-0.925-0.997C35.484,2.153,32.376,2,30.141,2C24,2,20,5.68,20,12.368 V19h-7c-0.552,0-1,0.448-1,1v7c0,0.552,0.448,1,1,1h7v19c0,0.552,0.448,1,1,1h7c0.552,0,1-0.448,1-1V28h7.222 c0.51,0,0.938-0.383,0.994-0.89l0.778-7C38.06,19.518,37.596,19,37,19h-8v-5C29,12.343,30.343,11,32,11z\"><\/path>\n\t\t\t\t\t\t\t\t\t\t<\/svg>\n\t\t\t\t\t\t\t\t\t<\/a>\n\t\t\t\t\t\t\t\t<\/li>\n\n\t\t\t\t\t\t\t\t\n\t\t\t\t\t\t\t<li class=\"sk_social_icon custom_icon\">\n\t\t\t\t\t\t\t\t<a class=\"sk_social_icon_link\" target=\"_blank\" href=\"https:\/\/www.tiktok.com\/@indus1978\" alt=\"\" title=\"\" rel=\"nofollow noopener\">\n\t\t\t\t\t\t\t\t\t<img decoding=\"async\" src=\"https:\/\/indus1978.com\/wp-content\/uploads\/2022\/01\/tik-tok-2.png\" alt=\"Social Media Profile\"\n\t\t\t\t\t\t\t\t\t\twidth=\"24\" height=\"24\" \/>\n\t\t\t\t\t\t\t\t<\/a>\n\t\t\t\t\t\t\t<\/li>\n\n\t\t\t\t\t\t\n\t\t\t\t\t\t\t\t<li class=\"sk_social_icon default_icon\">\n\t\t\t\t\t\t\t\t\t<a class=\"sk_social_icon_link\" target=\"_blank\" href=\"https:\/\/nl.pinterest.com\/indus1978\/_created\/\" alt=\"\" title=\"\" rel=\"nofollow noopener\">\n\t\t\t\t\t\t\t\t\t\t<svg\n\t\t\t\t\t\t\t\t\t\t\tclass=\"\"\n\t\t\t\t\t\t\t\t\t\t\txmlns=\"http:\/\/www.w3.org\/2000\/svg\" x=\"0px\" y=\"0px\"\n\t\t\t\t\t\t\t\t\t\t\twidth=\"24\" height=\"24\"\n\t\t\t\t\t\t\t\t\t\t\tviewbox=\"0 0 50 50\"\n\t\t\t\t\t\t\t\t\t\t\t>\n\t\t\t\t\t\t\t\t\t\t\t<path d=\"M25,2C12.318,2,2,12.317,2,25s10.318,23,23,23s23-10.317,23-23S37.682,2,25,2z M27.542,32.719 c-3.297,0-4.516-2.138-4.516-2.138s-0.588,2.309-1.021,3.95s-0.507,1.665-0.927,2.591c-0.471,1.039-1.626,2.674-1.966,3.177 c-0.271,0.401-0.607,0.735-0.804,0.696c-0.197-0.038-0.197-0.245-0.245-0.678c-0.066-0.595-0.258-2.594-0.166-3.946 c0.06-0.88,0.367-2.371,0.367-2.371l2.225-9.108c-1.368-2.807-0.246-7.192,2.871-7.192c2.211,0,2.79,2.001,2.113,4.406 c-0.301,1.073-1.246,4.082-1.275,4.224c-0.029,0.142-0.099,0.442-0.083,0.738c0,0.878,0.671,2.672,2.995,2.672 c3.744,0,5.517-5.535,5.517-9.237c0-2.977-1.892-6.573-7.416-6.573c-5.628,0-8.732,4.283-8.732,8.214 c0,2.205,0.87,3.091,1.273,3.577c0.328,0.395,0.162,0.774,0.162,0.774l-0.355,1.425c-0.131,0.471-0.552,0.713-1.143,0.368 C15.824,27.948,13,26.752,13,21.649C13,16.42,17.926,11,25.571,11C31.64,11,37,14.817,37,21.001 C37,28.635,32.232,32.719,27.542,32.719z\"><\/path>\n\t\t\t\t\t\t\t\t\t\t<\/svg>\n\t\t\t\t\t\t\t\t\t<\/a>\n\t\t\t\t\t\t\t\t<\/li>\n\n\t\t\t\t\t\t\t\t\n\t\t\t\t\t\t\t\t<li class=\"sk_social_icon default_icon\">\n\t\t\t\t\t\t\t\t\t<a class=\"sk_social_icon_link\" target=\"_blank\" href=\"https:\/\/www.instagram.com\/indus1978\/?hl=fr\" alt=\"\" title=\"\" rel=\"nofollow noopener\">\n\t\t\t\t\t\t\t\t\t\t<svg\n\t\t\t\t\t\t\t\t\t\t\tclass=\"\"\n\t\t\t\t\t\t\t\t\t\t\txmlns=\"http:\/\/www.w3.org\/2000\/svg\" x=\"0px\" y=\"0px\"\n\t\t\t\t\t\t\t\t\t\t\twidth=\"24\" height=\"24\"\n\t\t\t\t\t\t\t\t\t\t\tviewbox=\"0 0 50 50\"\n\t\t\t\t\t\t\t\t\t\t\t>\n\t\t\t\t\t\t\t\t\t\t\t<path d=\"M 16 3 C 8.83 3 3 8.83 3 16 L 3 34 C 3 41.17 8.83 47 16 47 L 34 47 C 41.17 47 47 41.17 47 34 L 47 16 C 47 8.83 41.17 3 34 3 L 16 3 z M 37 11 C 38.1 11 39 11.9 39 13 C 39 14.1 38.1 15 37 15 C 35.9 15 35 14.1 35 13 C 35 11.9 35.9 11 37 11 z M 25 14 C 31.07 14 36 18.93 36 25 C 36 31.07 31.07 36 25 36 C 18.93 36 14 31.07 14 25 C 14 18.93 18.93 14 25 14 z M 25 16 C 20.04 16 16 20.04 16 25 C 16 29.96 20.04 34 25 34 C 29.96 34 34 29.96 34 25 C 34 20.04 29.96 16 25 16 z\"><\/path>\n\t\t\t\t\t\t\t\t\t\t<\/svg>\n\t\t\t\t\t\t\t\t\t<\/a>\n\t\t\t\t\t\t\t\t<\/li>\n\n\t\t\t\t\t\t\t\t\n\t        <\/ul>\n\n\t\t    <\/div><\/div><\/div><\/div>\n<\/div>","protected":false},"excerpt":{"rendered":"Indus 1978 Avant mes 40 ans, j'ai compl\u00e8tement chang\u00e9 de voie professionnelle afin de me consacrer \u00e0 ce qui occupait d\u00e9j\u00e0 une tr\u00e8s grande partie de ma vie, le travail du bois... Mes journ\u00e9es dans mon atelier de menuiserie entour\u00e9 de mes deux chiens me permettent de concilier mon m\u00e9tier d'agenceur et la cr\u00e9ation d'objets [...]","protected":false},"author":2,"featured_media":0,"parent":0,"menu_order":0,"comment_status":"closed","ping_status":"closed","template":"page-boxed.php","meta":{"_acf_changed":false,"footnotes":""},"class_list":["post-507","page","type-page","status-publish","hentry"],"acf":[],"_links":{"self":[{"href":"https:\/\/indus1978.com\/de\/wp-json\/wp\/v2\/pages\/507","targetHints":{"allow":["GET"]}}],"collection":[{"href":"https:\/\/indus1978.com\/de\/wp-json\/wp\/v2\/pages"}],"about":[{"href":"https:\/\/indus1978.com\/de\/wp-json\/wp\/v2\/types\/page"}],"author":[{"embeddable":true,"href":"https:\/\/indus1978.com\/de\/wp-json\/wp\/v2\/users\/2"}],"replies":[{"embeddable":true,"href":"https:\/\/indus1978.com\/de\/wp-json\/wp\/v2\/comments?post=507"}],"version-history":[{"count":10,"href":"https:\/\/indus1978.com\/de\/wp-json\/wp\/v2\/pages\/507\/revisions"}],"predecessor-version":[{"id":3454,"href":"https:\/\/indus1978.com\/de\/wp-json\/wp\/v2\/pages\/507\/revisions\/3454"}],"wp:attachment":[{"href":"https:\/\/indus1978.com\/de\/wp-json\/wp\/v2\/media?parent=507"}],"curies":[{"name":"wp","href":"https:\/\/api.w.org\/{rel}","templated":true}]}}